{"id":253,"date":"2025-06-24T18:18:28","date_gmt":"2025-06-24T18:18:28","guid":{"rendered":"https:\/\/arazafrut.com\/?post_type=product&#038;p=253"},"modified":"2025-06-26T16:06:51","modified_gmt":"2025-06-26T16:06:51","slug":"lulo-10-porciones","status":"publish","type":"product","link":"https:\/\/arazafrut.com\/index.php\/producto\/lulo-10-porciones\/","title":{"rendered":"Lulo 10 porciones"},"content":{"rendered":"<p>Ex\u00f3tica y refrescante, la pulpa de lulo es una gran aliada para la digesti\u00f3n gracias a su alto contenido en fibra. Rica en vitamina C, hierro y f\u00f3sforo, fortalece el sistema inmune y mejora los niveles de energ\u00eda. Su sabor \u00e1cido y tropical la hace irresistible en bebidas naturales.<\/p>\n","protected":false},"excerpt":{"rendered":"<p>Ex\u00f3tica y refrescante, la pulpa de lulo es una gran aliada para la digesti\u00f3n gracias a su alto contenido en fibra. Rica en vitamina C, hierro<span class=\"excerpt-hellip\"> [\u2026]<\/span><\/p>\n","protected":false},"featured_media":391,"comment_status":"open","ping_status":"closed","template":"","meta":{"_joinchat":[]},"product_brand":[],"product_cat":[14],"product_tag":[],"class_list":{"0":"post-253","1":"product","2":"type-product","3":"status-publish","4":"has-post-thumbnail","6":"product_cat-paquete-por-diez","8":"first","9":"instock","10":"purchasable","11":"product-type-simple"},"_links":{"self":[{"href":"https:\/\/arazafrut.com\/index.php\/wp-json\/wp\/v2\/product\/253","targetHints":{"allow":["GET"]}}],"collection":[{"href":"https:\/\/arazafrut.com\/index.php\/wp-json\/wp\/v2\/product"}],"about":[{"href":"https:\/\/arazafrut.com\/index.php\/wp-json\/wp\/v2\/types\/product"}],"replies":[{"embeddable":true,"href":"https:\/\/arazafrut.com\/index.php\/wp-json\/wp\/v2\/comments?post=253"}],"wp:featuredmedia":[{"embeddable":true,"href":"https:\/\/arazafrut.com\/index.php\/wp-json\/wp\/v2\/media\/391"}],"wp:attachment":[{"href":"https:\/\/arazafrut.com\/index.php\/wp-json\/wp\/v2\/media?parent=253"}],"wp:term":[{"taxonomy":"product_brand","embeddable":true,"href":"https:\/\/arazafrut.com\/index.php\/wp-json\/wp\/v2\/product_brand?post=253"},{"taxonomy":"product_cat","embeddable":true,"href":"https:\/\/arazafrut.com\/index.php\/wp-json\/wp\/v2\/product_cat?post=253"},{"taxonomy":"product_tag","embeddable":true,"href":"https:\/\/arazafrut.com\/index.php\/wp-json\/wp\/v2\/product_tag?post=253"}],"curies":[{"name":"wp","href":"https:\/\/api.w.org\/{rel}","templated":true}]}}