{"id":251,"date":"2025-06-24T18:14:25","date_gmt":"2025-06-24T18:14:25","guid":{"rendered":"https:\/\/arazafrut.com\/?post_type=product&#038;p=251"},"modified":"2025-06-25T19:57:44","modified_gmt":"2025-06-25T19:57:44","slug":"guanabana-10-porciones","status":"publish","type":"product","link":"https:\/\/arazafrut.com\/index.php\/producto\/guanabana-10-porciones\/","title":{"rendered":"Guan\u00e1bana 10 porciones"},"content":{"rendered":"<p>La guan\u00e1bana destaca por su sabor suave y cremoso, ideal para jugos refrescantes. Es rica en vitamina C, potasio y antioxidantes que apoyan el sistema inmunol\u00f3gico. Tambi\u00e9n es reconocida por sus propiedades relajantes y digestivas, siendo una excelente opci\u00f3n para cuidar tu salud.<\/p>\n","protected":false},"excerpt":{"rendered":"<p>La guan\u00e1bana destaca por su sabor suave y cremoso, ideal para jugos refrescantes. Es rica en vitamina C, potasio y antioxidantes que apoyan el sistema inmunol\u00f3gico.<span class=\"excerpt-hellip\"> [\u2026]<\/span><\/p>\n","protected":false},"featured_media":252,"comment_status":"open","ping_status":"closed","template":"","meta":{"_joinchat":[]},"product_brand":[],"product_cat":[14],"product_tag":[],"class_list":{"0":"post-251","1":"product","2":"type-product","3":"status-publish","4":"has-post-thumbnail","6":"product_cat-paquete-por-diez","8":"first","9":"instock","10":"purchasable","11":"product-type-simple"},"_links":{"self":[{"href":"https:\/\/arazafrut.com\/index.php\/wp-json\/wp\/v2\/product\/251","targetHints":{"allow":["GET"]}}],"collection":[{"href":"https:\/\/arazafrut.com\/index.php\/wp-json\/wp\/v2\/product"}],"about":[{"href":"https:\/\/arazafrut.com\/index.php\/wp-json\/wp\/v2\/types\/product"}],"replies":[{"embeddable":true,"href":"https:\/\/arazafrut.com\/index.php\/wp-json\/wp\/v2\/comments?post=251"}],"wp:featuredmedia":[{"embeddable":true,"href":"https:\/\/arazafrut.com\/index.php\/wp-json\/wp\/v2\/media\/252"}],"wp:attachment":[{"href":"https:\/\/arazafrut.com\/index.php\/wp-json\/wp\/v2\/media?parent=251"}],"wp:term":[{"taxonomy":"product_brand","embeddable":true,"href":"https:\/\/arazafrut.com\/index.php\/wp-json\/wp\/v2\/product_brand?post=251"},{"taxonomy":"product_cat","embeddable":true,"href":"https:\/\/arazafrut.com\/index.php\/wp-json\/wp\/v2\/product_cat?post=251"},{"taxonomy":"product_tag","embeddable":true,"href":"https:\/\/arazafrut.com\/index.php\/wp-json\/wp\/v2\/product_tag?post=251"}],"curies":[{"name":"wp","href":"https:\/\/api.w.org\/{rel}","templated":true}]}}