{"id":249,"date":"2025-06-24T18:09:27","date_gmt":"2025-06-24T18:09:27","guid":{"rendered":"https:\/\/arazafrut.com\/?post_type=product&#038;p=249"},"modified":"2025-06-25T19:57:54","modified_gmt":"2025-06-25T19:57:54","slug":"maracuya-10-porciones","status":"publish","type":"product","link":"https:\/\/arazafrut.com\/index.php\/producto\/maracuya-10-porciones\/","title":{"rendered":"Maracuy\u00e1 10 porciones"},"content":{"rendered":"<p>La pulpa de maracuy\u00e1 es rica en vitamina C, fibra y antioxidantes, ayudando a fortalecer el sistema inmune y mejorar la digesti\u00f3n. Su sabor ex\u00f3tico y refrescante tiene adem\u00e1s efectos relajantes naturales, ideal para reducir el estr\u00e9s y disfrutar de una bebida saludable y deliciosa.<\/p>\n","protected":false},"excerpt":{"rendered":"<p>La pulpa de maracuy\u00e1 es rica en vitamina C, fibra y antioxidantes, ayudando a fortalecer el sistema inmune y mejorar la digesti\u00f3n. Su sabor ex\u00f3tico y<span class=\"excerpt-hellip\"> [\u2026]<\/span><\/p>\n","protected":false},"featured_media":250,"comment_status":"open","ping_status":"closed","template":"","meta":{"_joinchat":[]},"product_brand":[],"product_cat":[14],"product_tag":[],"class_list":{"0":"post-249","1":"product","2":"type-product","3":"status-publish","4":"has-post-thumbnail","6":"product_cat-paquete-por-diez","8":"first","9":"instock","10":"purchasable","11":"product-type-simple"},"_links":{"self":[{"href":"https:\/\/arazafrut.com\/index.php\/wp-json\/wp\/v2\/product\/249","targetHints":{"allow":["GET"]}}],"collection":[{"href":"https:\/\/arazafrut.com\/index.php\/wp-json\/wp\/v2\/product"}],"about":[{"href":"https:\/\/arazafrut.com\/index.php\/wp-json\/wp\/v2\/types\/product"}],"replies":[{"embeddable":true,"href":"https:\/\/arazafrut.com\/index.php\/wp-json\/wp\/v2\/comments?post=249"}],"wp:featuredmedia":[{"embeddable":true,"href":"https:\/\/arazafrut.com\/index.php\/wp-json\/wp\/v2\/media\/250"}],"wp:attachment":[{"href":"https:\/\/arazafrut.com\/index.php\/wp-json\/wp\/v2\/media?parent=249"}],"wp:term":[{"taxonomy":"product_brand","embeddable":true,"href":"https:\/\/arazafrut.com\/index.php\/wp-json\/wp\/v2\/product_brand?post=249"},{"taxonomy":"product_cat","embeddable":true,"href":"https:\/\/arazafrut.com\/index.php\/wp-json\/wp\/v2\/product_cat?post=249"},{"taxonomy":"product_tag","embeddable":true,"href":"https:\/\/arazafrut.com\/index.php\/wp-json\/wp\/v2\/product_tag?post=249"}],"curies":[{"name":"wp","href":"https:\/\/api.w.org\/{rel}","templated":true}]}}