{"id":243,"date":"2025-06-24T17:43:05","date_gmt":"2025-06-24T17:43:05","guid":{"rendered":"https:\/\/arazafrut.com\/?post_type=product&#038;p=243"},"modified":"2025-06-26T16:09:40","modified_gmt":"2025-06-26T16:09:40","slug":"feijoa-10-porciones","status":"publish","type":"product","link":"https:\/\/arazafrut.com\/index.php\/producto\/feijoa-10-porciones\/","title":{"rendered":"Feijoa 10 porciones"},"content":{"rendered":"<p>La pulpa de feijoa es una fuente natural de antioxidantes y vitamina C, ideal para fortalecer el sistema inmune. Su sabor ex\u00f3tico y refrescante la convierte en una opci\u00f3n deliciosa y saludable para cualquier momento del d\u00eda. Ayuda a mejorar la digesti\u00f3n y aporta energ\u00eda de forma natural.<\/p>\n","protected":false},"excerpt":{"rendered":"<p>La pulpa de feijoa es una fuente natural de antioxidantes y vitamina C, ideal para fortalecer el sistema inmune. Su sabor ex\u00f3tico y refrescante la convierte<span class=\"excerpt-hellip\"> [\u2026]<\/span><\/p>\n","protected":false},"featured_media":392,"comment_status":"open","ping_status":"closed","template":"","meta":{"_joinchat":[]},"product_brand":[],"product_cat":[14],"product_tag":[],"class_list":{"0":"post-243","1":"product","2":"type-product","3":"status-publish","4":"has-post-thumbnail","6":"product_cat-paquete-por-diez","8":"first","9":"instock","10":"purchasable","11":"product-type-simple"},"_links":{"self":[{"href":"https:\/\/arazafrut.com\/index.php\/wp-json\/wp\/v2\/product\/243","targetHints":{"allow":["GET"]}}],"collection":[{"href":"https:\/\/arazafrut.com\/index.php\/wp-json\/wp\/v2\/product"}],"about":[{"href":"https:\/\/arazafrut.com\/index.php\/wp-json\/wp\/v2\/types\/product"}],"replies":[{"embeddable":true,"href":"https:\/\/arazafrut.com\/index.php\/wp-json\/wp\/v2\/comments?post=243"}],"wp:featuredmedia":[{"embeddable":true,"href":"https:\/\/arazafrut.com\/index.php\/wp-json\/wp\/v2\/media\/392"}],"wp:attachment":[{"href":"https:\/\/arazafrut.com\/index.php\/wp-json\/wp\/v2\/media?parent=243"}],"wp:term":[{"taxonomy":"product_brand","embeddable":true,"href":"https:\/\/arazafrut.com\/index.php\/wp-json\/wp\/v2\/product_brand?post=243"},{"taxonomy":"product_cat","embeddable":true,"href":"https:\/\/arazafrut.com\/index.php\/wp-json\/wp\/v2\/product_cat?post=243"},{"taxonomy":"product_tag","embeddable":true,"href":"https:\/\/arazafrut.com\/index.php\/wp-json\/wp\/v2\/product_tag?post=243"}],"curies":[{"name":"wp","href":"https:\/\/api.w.org\/{rel}","templated":true}]}}